{"id":2,"date":"2012-10-19T16:59:54","date_gmt":"2012-10-19T16:59:54","guid":{"rendered":"http:\/\/mvb.ottosiemer.de\/?page_id=2"},"modified":"2012-10-23T20:24:56","modified_gmt":"2012-10-23T18:24:56","slug":"beispiel-seite","status":"publish","type":"page","link":"http:\/\/mvb.ottosiemer.de\/?page_id=2","title":{"rendered":"Geschichte"},"content":{"rendered":"<p>Der Musikverein B\u00fchren wurde im Januar 1923 gegr\u00fcndet.\u00a0Die Basis hatte zuvor ein gro\u00dfz\u00fcgiger G\u00f6nner mit einer Spende in H\u00f6he von 5000 RM zur Anschaffung von Instrumenten gelegt.<\/p>\n<p>Die schlimme Zeit des Nationalsozialismus bereitete den Dorfkapellen ein j\u00e4hes Ende. Zwar konnte sie auf dem Papier noch weiterexistieren, durften aber etwa ab 1935 nicht mehr \u00f6ffentlich auftreten.Die Fronleichnamsprozession 1958 bildete den Anlass f\u00fcr den ersten Auftritt nach der Neugr\u00fcndung.<\/p>\n<p>1974 \u00fcbernahm G\u00fcnter Baumann, damals gerade 21 Jahre jung, die Dirigentenrolle. Zweifelslos hat er wesentlichen Anteil an dem Aufschwung, den der Verein in den darauf\u00a0 folgenden Jahren genommen hat.<br \/>\nAls Frieling in B\u00fchren seinen neuen Saal fertiggestellt hatte, (wo auch heute noch die \u00dcbungsabende stattfinden) besichtigten G\u00fcnter Baumann und Clemens S\u00fcndermann die neue Schaffenst\u00e4tte f\u00fcr den MVB.<\/p>\n<p><a title=\"Musikverein B\u00fchren Vorstand 2006\" href=\"http:\/\/www.in-cloppenburg.de\/images\/stories\/vorstand_2006.jpg\" rel=\"lightbox\" target=\"_blank\"><img loading=\"lazy\" src=\"http:\/\/www.in-cloppenburg.de\/images\/stories\/Vereine-Gruppen\/vorstand_2006.jpg\" alt=\"vorstand_2006\" width=\"640\" height=\"480\" \/><\/a><\/p>\n<p>Vorstand (Bild veraltet)<\/p>\n<div>Von 1989 bis 1991 \u00fcbernahm Gottfried Kellermann sen. den Vorstand.<\/div>\n<div>1991 wurde Gottfried Kellermann jun. Vorsitzender des MVB.<br \/>\n1998 \u00fcbernahm Otto Siemer von G\u00fcnter Baumann den Taktstock.<br \/>\nHeute hat der MVB etwa 40 aktive Musiker.<br \/>\n40-50 Auftritte j\u00e4hrlich bei kirchlichen Anl\u00e4ssen (Weihnachten, Ostern,Prozessionen) und weltlichen Veranstaltungen (Volksfeste,Jubil\u00e4en,Konzerten) sind die Regel. Die Pflege der volkst\u00fcmlichen Blasmusik, Pflege der Gemeinschaft, Mitwirkung bei kirchlichen und weltlichen Veranstaltungen im Bereich der Pfarrgemeinde B\u00fchren und dar\u00fcber hinaus sowie der Musikerziehung Jugendlicher sind in all den Jahren feste Grunds\u00e4tze des Vereins geblieben.<\/div>\n<div><\/div>\n<div><img loading=\"lazy\" src=\"http:\/\/www.in-cloppenburg.de\/images\/stories\/Vereine-Gruppen\/musikverein-buehren-karneval-2011.jpg\" alt=\"musikverein-buehren-karneval-2011\" width=\"648\" height=\"357\" \/><\/div>\n<p>Karneval 2011 in B\u00fchren<\/p>\n<p>&nbsp;<\/p>\n","protected":false},"excerpt":{"rendered":"<p>Der Musikverein B\u00fchren wurde im Januar 1923 gegr\u00fcndet.\u00a0Die Basis hatte zuvor ein gro\u00dfz\u00fcgiger G\u00f6nner mit einer Spende in H\u00f6he von 5000 RM zur Anschaffung von Instrumenten gelegt. Die schlimme Zeit des Nationalsozialismus bereitete den Dorfkapellen ein j\u00e4hes Ende. Zwar konnte &hellip; <a href=\"http:\/\/mvb.ottosiemer.de\/?page_id=2\">Weiterlesen <span class=\"meta-nav\">&rarr;<\/span><\/a><\/p>\n","protected":false},"author":1,"featured_media":0,"parent":0,"menu_order":1,"comment_status":"open","ping_status":"open","template":"","meta":[],"_links":{"self":[{"href":"http:\/\/mvb.ottosiemer.de\/index.php?rest_route=\/wp\/v2\/pages\/2"}],"collection":[{"href":"http:\/\/mvb.ottosiemer.de\/index.php?rest_route=\/wp\/v2\/pages"}],"about":[{"href":"http:\/\/mvb.ottosiemer.de\/index.php?rest_route=\/wp\/v2\/types\/page"}],"author":[{"embeddable":true,"href":"http:\/\/mvb.ottosiemer.de\/index.php?rest_route=\/wp\/v2\/users\/1"}],"replies":[{"embeddable":true,"href":"http:\/\/mvb.ottosiemer.de\/index.php?rest_route=%2Fwp%2Fv2%2Fcomments&post=2"}],"version-history":[{"count":6,"href":"http:\/\/mvb.ottosiemer.de\/index.php?rest_route=\/wp\/v2\/pages\/2\/revisions"}],"predecessor-version":[{"id":70,"href":"http:\/\/mvb.ottosiemer.de\/index.php?rest_route=\/wp\/v2\/pages\/2\/revisions\/70"}],"wp:attachment":[{"href":"http:\/\/mvb.ottosiemer.de\/index.php?rest_route=%2Fwp%2Fv2%2Fmedia&parent=2"}],"curies":[{"name":"wp","href":"https:\/\/api.w.org\/{rel}","templated":true}]}}